{"id":79,"date":"2016-12-06T10:16:04","date_gmt":"2016-12-06T10:16:04","guid":{"rendered":"http:\/\/gyn-veitsbronn.de\/?page_id=79"},"modified":"2023-10-20T05:35:14","modified_gmt":"2023-10-20T05:35:14","slug":"oeffnungszeiten","status":"publish","type":"page","link":"https:\/\/gyn-veitsbronn.de\/?page_id=79","title":{"rendered":"\u00d6ffnungszeiten"},"content":{"rendered":"<p>Termine nach telefonischer Vereinbarung.<\/p>\n<p>Bitte melden Sie sich auch in Notf\u00e4llen telefonisch an.<\/p>\n<table>\n<tbody>\n<tr>\n<td width=\"115\">Montag<\/td>\n<td width=\"366\">8.00 &#8211; 13.00 und 14.00 &#8211; 18.00 Uhr<\/td>\n<\/tr>\n<tr>\n<td width=\"115\">Dienstag*<\/td>\n<td width=\"366\">8.00 &#8211; 13.00 Uhr (bzw. 14.00 &#8211; 18.00 Uhr)<br \/>\n* jeweils am 1. Dienstag im Monat nachmittags ge\u00f6ffnet &#8211; vormittags geschlossen<\/td>\n<\/tr>\n<tr>\n<td width=\"115\">Mittwoch<\/td>\n<td width=\"366\">8.00 &#8211; 13.00 Uhr<\/td>\n<\/tr>\n<tr>\n<td width=\"115\">Donnerstag<\/td>\n<td width=\"366\">8.00 &#8211; 13.00 Uhr und 14.00 &#8211; 18.00 Uhr<\/td>\n<\/tr>\n<tr>\n<td width=\"115\">Freitag<\/td>\n<td width=\"366\">8.00 &#8211; 13.00 Uhr<\/td>\n<\/tr>\n<\/tbody>\n<\/table>\n<p>Falls Sie Ihren Termin einmal nicht einhalten k\u00f6nnen, geben Sie uns bitte rechtzeitig Bescheid.<\/p>\n<p><span style=\"color: #7c1c32;\"><strong>*Qualit\u00e4t braucht etwas Zeit*<\/strong><br \/>\n<\/span>Bitte bringen Sie ausreichend Zeit zu Ihrem Termin bei uns mit. Wir nehmen uns auch bei Ihnen die notwendige Zeit, um alle erforderlichen Untersuchungen durchzuf\u00fchren und Sie optimal zu beraten.<br \/>\nWir bitten um Verst\u00e4ndnis, dass es wegen Notf\u00e4llen und unvorhersehbar komplexen F\u00e4llen vor Ihnen trotz sorgf\u00e4ltiger Terminplanung zu Wartezeiten kommen kann.<\/p>\n","protected":false},"excerpt":{"rendered":"<p>Termine nach telefonischer Vereinbarung. Bitte melden Sie sich auch in Notf\u00e4llen telefonisch an. Montag 8.00 &#8211; 13.00 und 14.00 &#8211; 18.00 Uhr Dienstag* 8.00 &#8211; 13.00 Uhr (bzw. 14.00 &#8211; 18.00 Uhr) * jeweils am 1. Dienstag im Monat nachmittags ge\u00f6ffnet &#8211; vormittags geschlossen Mittwoch 8.00 &#8211; 13.00 Uhr Donnerstag 8.00 &#8211; 13.00 Uhr und &hellip; <a href=\"https:\/\/gyn-veitsbronn.de\/?page_id=79\" class=\"more-link\">Weiterlesen <span class=\"screen-reader-text\">\u00d6ffnungszeiten<\/span><\/a><\/p>\n","protected":false},"author":1,"featured_media":133,"parent":0,"menu_order":5,"comment_status":"closed","ping_status":"closed","template":"page-templates\/full-width-page.php","meta":{"advanced_seo_description":"","jetpack_seo_html_title":"","jetpack_seo_noindex":false,"jetpack_post_was_ever_published":false,"footnotes":""},"class_list":["post-79","page","type-page","status-publish","has-post-thumbnail","hentry","with-featured-image"],"jetpack_sharing_enabled":true,"jetpack_shortlink":"https:\/\/wp.me\/P8biwA-1h","jetpack-related-posts":[],"_links":{"self":[{"href":"https:\/\/gyn-veitsbronn.de\/index.php?rest_route=\/wp\/v2\/pages\/79","targetHints":{"allow":["GET"]}}],"collection":[{"href":"https:\/\/gyn-veitsbronn.de\/index.php?rest_route=\/wp\/v2\/pages"}],"about":[{"href":"https:\/\/gyn-veitsbronn.de\/index.php?rest_route=\/wp\/v2\/types\/page"}],"author":[{"embeddable":true,"href":"https:\/\/gyn-veitsbronn.de\/index.php?rest_route=\/wp\/v2\/users\/1"}],"replies":[{"embeddable":true,"href":"https:\/\/gyn-veitsbronn.de\/index.php?rest_route=%2Fwp%2Fv2%2Fcomments&post=79"}],"version-history":[{"count":28,"href":"https:\/\/gyn-veitsbronn.de\/index.php?rest_route=\/wp\/v2\/pages\/79\/revisions"}],"predecessor-version":[{"id":487,"href":"https:\/\/gyn-veitsbronn.de\/index.php?rest_route=\/wp\/v2\/pages\/79\/revisions\/487"}],"wp:featuredmedia":[{"embeddable":true,"href":"https:\/\/gyn-veitsbronn.de\/index.php?rest_route=\/wp\/v2\/media\/133"}],"wp:attachment":[{"href":"https:\/\/gyn-veitsbronn.de\/index.php?rest_route=%2Fwp%2Fv2%2Fmedia&parent=79"}],"curies":[{"name":"wp","href":"https:\/\/api.w.org\/{rel}","templated":true}]}}