{"id":50,"date":"2016-12-06T09:29:47","date_gmt":"2016-12-06T09:29:47","guid":{"rendered":"http:\/\/gyn-veitsbronn.de\/?page_id=50"},"modified":"2018-08-03T09:38:44","modified_gmt":"2018-08-03T09:38:44","slug":"impressumdatenschutz","status":"publish","type":"page","link":"https:\/\/gyn-veitsbronn.de\/?page_id=50","title":{"rendered":"Impressum\/Datenschutz"},"content":{"rendered":"<p>Angaben nach \u00a7 5 Telemediengesetz<\/p>\n<p>Praxis Dr. med. Tanja Hoffmann<br \/>\nF\u00fcrther Str. 26<br \/>\n90587 Veitsbronn<br \/>\nTel 0911 \u2219 47 89 86 33<br \/>\nMail praxis@gyn-veitsbronn.de<\/p>\n<p><strong>Zust\u00e4ndige Landes\u00e4rztekammer<\/strong><br \/>\nBayerische Landes\u00e4rztekammer BL\u00c4K<br \/>\nK\u00f6rperschaft des \u00f6ffentlichen Rechts<br \/>\nM\u00fchlbaurstra\u00dfe 16<br \/>\n81677 M\u00fcnchen<\/p>\n<p><strong>Zust\u00e4ndige kassen\u00e4rztliche Vereinigung<\/strong><br \/>\nKassen\u00e4rztliche Vereinigung Bayerns<br \/>\nBezirksstelle Mittelfranken<br \/>\nVogelsgarten 6<br \/>\n90402 N\u00fcrnberg<\/p>\n<p><strong>Berufsbezeichnung<\/strong><br \/>\nFrauenarzt, verliehen in der Bundesrepublik Deutschland<\/p>\n<p><strong>Berufsrechtliche Regelungen<\/strong><br \/>\nBerufsordnung f\u00fcr die \u00c4rzte Bayerns http:\/\/www.blaek.de\/<br \/>\nHeilberufe-Kammergesetz http:\/\/www.blaek.de\/<\/p>\n<p><strong>Inhaltlich verantwortlich<\/strong><br \/>\nDr. med. Tanja Hoffmann<br \/>\nF\u00fcrther Str. 26<br \/>\n90587 Veitsbronn<\/p>\n<p><strong>Haftungshinweis<\/strong><br \/>\nTrotz sorgf\u00e4ltiger Kontrolle \u00fcbernehmen wir keine Haftung f\u00fcr die Inhalte externer Seiten. F\u00fcr die Inhalte externer Seiten sind ausschlie\u00dflich deren Betreiber verantwortlich.<\/p>\n<p><strong>Widerspruch Werbe-Mails<\/strong><br \/>\nDer Nutzung von im Rahmen der Impressumspflicht ver\u00f6ffentlichten Kontaktdaten zur \u00dcbersendung von nicht ausdr\u00fccklich angeforderter Werbung und Informationsmaterialien wird hiermit widersprochen. Die Betreiber der Seiten behalten sich ausdr\u00fccklich rechtliche Schritte im Falle der unverlangten Zusendung von Werbeinformationen, etwa durch Spam-E-Mails, vor.<\/p>\n<p>&nbsp;<\/p>\n<h1><strong>Datenschutzerkl\u00e4rung<\/strong><\/h1>\n<p>Die Betreiber dieser Seiten nehmen den Schutz Ihrer pers\u00f6nlichen Daten sehr ernst. Wir behandeln Ihre personenbezogenen Daten vertraulich und entsprechend der gesetzlichen Datenschutzvorschriften sowie dieser Datenschutzerkl\u00e4rung.<\/p>\n<p>Wir weisen darauf hin, dass die Daten\u00fcbertragung im Internet (z.B. bei der Kommunikation per E-Mail) Sicherheitsl\u00fccken aufweisen kann. Ein l\u00fcckenloser Schutz der Daten vor dem Zugriff durch Dritte ist nicht m\u00f6glich.<\/p>\n<p><strong>1. Allgemeine Hinweise und Pflichtinformationen<\/strong><\/p>\n<p><strong>Verantwortliche Stelle f\u00fcr die Datenverarbeitung auf dieser Website<\/strong><br \/>\nFach\u00e4rztin f\u00fcr Frauenheilkunde &amp; Geburtshilfe<br \/>\nDr. med. Tanja Hoffmann<br \/>\nF\u00fcrther Str. 26<br \/>\n90587 Veitsbronn<br \/>\nTel 0911 \u2219 47 89 86 33<br \/>\nMail <a href=\"mailto:praxis@gyn-veitsbronn.de\">praxis@gyn-veitsbronn.de<\/a><\/p>\n<p>Verantwortliche Stelle ist die nat\u00fcrliche oder juristische Person, die allein oder gemeinsam mit anderen \u00fcber die Zwecke und Mittel der Verarbeitung von personenbezogenen Daten (z.B. Namen, E-Mail-Adressen o. \u00c4.) entscheidet.<\/p>\n<p><strong>Widerruf Ihrer Einwilligung zur Datenverarbeitung<br \/>\n<\/strong>Viele Datenverarbeitungsvorg\u00e4nge sind nur mit Ihrer ausdr\u00fccklichen Einwilligung m\u00f6glich. Sie k\u00f6nnen eine bereits erteilte Einwilligung jederzeit widerrufen. Dazu reicht eine formlose Mitteilung per E-Mail an uns. Die Rechtm\u00e4\u00dfigkeit der bis zum Widerruf erfolgten Datenverarbeitung bleibt vom Widerruf unber\u00fchrt.<\/p>\n<p><strong>Beschwerderecht bei der zust\u00e4ndigen Aufsichtsbeh\u00f6rde<br \/>\n<\/strong>Im Falle datenschutzrechtlicher Verst\u00f6\u00dfe steht dem Betroffenen ein Beschwerderecht bei der zust\u00e4ndigen Aufsichtsbeh\u00f6rde zu. Zust\u00e4ndige Aufsichtsbeh\u00f6rde in datenschutzrechtlichen Fragen ist der Landesdatenschutzbeauftragte des Bundeslandes, in dem unser Unternehmen seinen Sitz hat. Eine Liste der Datenschutzbeauftragten sowie deren Kontaktdaten k\u00f6nnen folgendem Link entnommen werden: <a href=\"https:\/\/www.bfdi.bund.de\/DE\/Infothek\/Anschriften_Links\/anschriften_links-node.html\">https:\/\/www.bfdi.bund.de\/DE\/Infothek\/Anschriften_Links\/anschriften_links-node.html<\/a>.<\/p>\n<p><strong>Recht auf Daten\u00fcbertragbarkeit<br \/>\n<\/strong>Sie haben das Recht, Daten, die wir auf Grundlage Ihrer Einwilligung oder in Erf\u00fcllung eines Vertrags automatisiert verarbeiten, an sich oder an einen Dritten in einem g\u00e4ngigen, maschinenlesbaren Format aush\u00e4ndigen zu lassen. Sofern Sie die direkte \u00dcbertragung der Daten an einen anderen Verantwortlichen verlangen, erfolgt dies nur, soweit es technisch machbar ist.<\/p>\n<p><strong>Auskunft, Sperrung, L\u00f6schung<br \/>\n<\/strong>Sie haben im Rahmen der geltenden gesetzlichen Bestimmungen jederzeit das Recht auf unentgeltliche Auskunft \u00fcber Ihre gespeicherten personenbezogenen Daten, deren Herkunft und Empf\u00e4nger und den Zweck der Datenverarbeitung und ggf. ein Recht auf Berichtigung, Sperrung oder L\u00f6schung dieser Daten. Hierzu sowie zu weiteren Fragen zum Thema personenbezogene Daten k\u00f6nnen Sie sich jederzeit unter der im Impressum angegebenen Adresse an uns wenden.<\/p>\n<p><strong>2. Datenerfassung auf unserer Website<\/strong><\/p>\n<p><strong>Log-Files<br \/>\n<\/strong>Beim Zugriff auf unsere Internetseiten \u00fcbermittelt Ihr Internet-Browser automatisch Daten an unseren Webserver. Hierbei handelt es unter anderem um Browsertyp und -version, verwendetes Betriebssystem, verweisende URL, Name der abgerufenen Datei, \u00fcbertragene Datenmenge, Datum und Uhrzeit des Zugriffs sowie Ihre IP-Adresse. Die Erhebung und Speicherung l\u00e4sst keinen R\u00fcckschluss auf Sie als nat\u00fcrliche Person zu. Eine Zusammenf\u00fchrung dieser Daten mit anderen Datenquellen wird nicht vorgenommen.<\/p>\n<p><strong>Cookies<br \/>\n<\/strong>Die Internetseiten verwenden teilweise so genannte Cookies. Cookies dienen dazu, unser Angebot nutzerfreundlicher, effektiver und sicherer zu machen. Cookies sind kleine Textdateien, die auf Ihrem Rechner abgelegt werden und die Ihr Browser speichert.<\/p>\n<p>Die meisten der von uns verwendeten Cookies sind so genannte \u201cSession-Cookies\u201d. Sie werden nach Ende Ihres Besuchs automatisch gel\u00f6scht. Andere Cookies bleiben auf Ihrem Endger\u00e4t gespeichert bis Sie diese l\u00f6schen. Diese Cookies erm\u00f6glichen es uns, Ihren Browser beim n\u00e4chsten Besuch wiederzuerkennen.<\/p>\n<p>Sie k\u00f6nnen Ihren Browser so einstellen, dass Sie \u00fcber das Setzen von Cookies informiert werden und Cookies nur im Einzelfall erlauben, die Annahme von Cookies f\u00fcr bestimmte F\u00e4lle oder generell ausschlie\u00dfen sowie das automatische L\u00f6schen der Cookies beim Schlie\u00dfen des Browser aktivieren. Bei der Deaktivierung von Cookies kann die Funktionalit\u00e4t dieser Website eingeschr\u00e4nkt sein.<\/p>\n<p>Die durch Cookies verarbeiteten Daten sind f\u00fcr die genannten Zwecke zur Wahrung unserer berechtigten Interessen sowie der Dritter nach Art. 6 Abs. 1 S. 1 lit. f DSGVO erforderlich.<\/p>\n<p>&nbsp;<\/p>\n","protected":false},"excerpt":{"rendered":"<p>Angaben nach \u00a7 5 Telemediengesetz Praxis Dr. med. Tanja Hoffmann F\u00fcrther Str. 26 90587 Veitsbronn Tel 0911 \u2219 47 89 86 33 Mail praxis@gyn-veitsbronn.de Zust\u00e4ndige Landes\u00e4rztekammer Bayerische Landes\u00e4rztekammer BL\u00c4K K\u00f6rperschaft des \u00f6ffentlichen Rechts M\u00fchlbaurstra\u00dfe 16 81677 M\u00fcnchen Zust\u00e4ndige kassen\u00e4rztliche Vereinigung Kassen\u00e4rztliche Vereinigung Bayerns Bezirksstelle Mittelfranken Vogelsgarten 6 90402 N\u00fcrnberg Berufsbezeichnung Frauenarzt, verliehen in der Bundesrepublik &hellip; <a href=\"https:\/\/gyn-veitsbronn.de\/?page_id=50\" class=\"more-link\">Weiterlesen <span class=\"screen-reader-text\">Impressum\/Datenschutz<\/span><\/a><\/p>\n","protected":false},"author":1,"featured_media":0,"parent":0,"menu_order":7,"comment_status":"closed","ping_status":"closed","template":"page-templates\/full-width-page.php","meta":{"advanced_seo_description":"","jetpack_seo_html_title":"","jetpack_seo_noindex":false,"jetpack_post_was_ever_published":false,"footnotes":""},"class_list":["post-50","page","type-page","status-publish","hentry","without-featured-image"],"jetpack_sharing_enabled":true,"jetpack_shortlink":"https:\/\/wp.me\/P8biwA-O","jetpack-related-posts":[],"_links":{"self":[{"href":"https:\/\/gyn-veitsbronn.de\/index.php?rest_route=\/wp\/v2\/pages\/50","targetHints":{"allow":["GET"]}}],"collection":[{"href":"https:\/\/gyn-veitsbronn.de\/index.php?rest_route=\/wp\/v2\/pages"}],"about":[{"href":"https:\/\/gyn-veitsbronn.de\/index.php?rest_route=\/wp\/v2\/types\/page"}],"author":[{"embeddable":true,"href":"https:\/\/gyn-veitsbronn.de\/index.php?rest_route=\/wp\/v2\/users\/1"}],"replies":[{"embeddable":true,"href":"https:\/\/gyn-veitsbronn.de\/index.php?rest_route=%2Fwp%2Fv2%2Fcomments&post=50"}],"version-history":[{"count":11,"href":"https:\/\/gyn-veitsbronn.de\/index.php?rest_route=\/wp\/v2\/pages\/50\/revisions"}],"predecessor-version":[{"id":289,"href":"https:\/\/gyn-veitsbronn.de\/index.php?rest_route=\/wp\/v2\/pages\/50\/revisions\/289"}],"wp:attachment":[{"href":"https:\/\/gyn-veitsbronn.de\/index.php?rest_route=%2Fwp%2Fv2%2Fmedia&parent=50"}],"curies":[{"name":"wp","href":"https:\/\/api.w.org\/{rel}","templated":true}]}}