{"id":103,"date":"2017-01-15T15:47:42","date_gmt":"2017-01-15T15:47:42","guid":{"rendered":"http:\/\/gyn-veitsbronn.de\/?page_id=103"},"modified":"2017-03-03T21:54:31","modified_gmt":"2017-03-03T21:54:31","slug":"dr-med-tanja-hoffmann","status":"publish","type":"page","link":"https:\/\/gyn-veitsbronn.de\/?page_id=103","title":{"rendered":"Dr. med. Tanja Hoffmann"},"content":{"rendered":"<p><img data-recalc-dims=\"1\" loading=\"lazy\" decoding=\"async\" data-attachment-id=\"215\" data-permalink=\"https:\/\/gyn-veitsbronn.de\/?attachment_id=215#main\" data-orig-file=\"https:\/\/i0.wp.com\/gyn-veitsbronn.de\/wp-content\/uploads\/2017\/01\/Dr.-med.-Hoffmann.jpg?fit=2223%2C3333&amp;ssl=1\" data-orig-size=\"2223,3333\" data-comments-opened=\"1\" data-image-meta=\"{&quot;aperture&quot;:&quot;5.6&quot;,&quot;credit&quot;:&quot;&quot;,&quot;camera&quot;:&quot;Canon EOS 550D&quot;,&quot;caption&quot;:&quot;&quot;,&quot;created_timestamp&quot;:&quot;1482956387&quot;,&quot;copyright&quot;:&quot;&quot;,&quot;focal_length&quot;:&quot;135&quot;,&quot;iso&quot;:&quot;3200&quot;,&quot;shutter_speed&quot;:&quot;0.005&quot;,&quot;title&quot;:&quot;&quot;,&quot;orientation&quot;:&quot;1&quot;}\" data-image-title=\"Dr. med. Hoffmann\" data-image-description=\"\" data-image-caption=\"\" data-medium-file=\"https:\/\/i0.wp.com\/gyn-veitsbronn.de\/wp-content\/uploads\/2017\/01\/Dr.-med.-Hoffmann.jpg?fit=200%2C300&amp;ssl=1\" data-large-file=\"https:\/\/i0.wp.com\/gyn-veitsbronn.de\/wp-content\/uploads\/2017\/01\/Dr.-med.-Hoffmann.jpg?fit=620%2C930&amp;ssl=1\" class=\"alignright wp-image-215\" src=\"https:\/\/i0.wp.com\/gyn-veitsbronn.de\/wp-content\/uploads\/2017\/01\/Dr.-med.-Hoffmann.jpg?resize=272%2C408\" alt=\"\" width=\"272\" height=\"408\" srcset=\"https:\/\/i0.wp.com\/gyn-veitsbronn.de\/wp-content\/uploads\/2017\/01\/Dr.-med.-Hoffmann.jpg?resize=200%2C300&amp;ssl=1 200w, https:\/\/i0.wp.com\/gyn-veitsbronn.de\/wp-content\/uploads\/2017\/01\/Dr.-med.-Hoffmann.jpg?resize=768%2C1151&amp;ssl=1 768w, https:\/\/i0.wp.com\/gyn-veitsbronn.de\/wp-content\/uploads\/2017\/01\/Dr.-med.-Hoffmann.jpg?resize=683%2C1024&amp;ssl=1 683w, https:\/\/i0.wp.com\/gyn-veitsbronn.de\/wp-content\/uploads\/2017\/01\/Dr.-med.-Hoffmann.jpg?resize=253%2C380&amp;ssl=1 253w, https:\/\/i0.wp.com\/gyn-veitsbronn.de\/wp-content\/uploads\/2017\/01\/Dr.-med.-Hoffmann.jpg?w=1240 1240w, https:\/\/i0.wp.com\/gyn-veitsbronn.de\/wp-content\/uploads\/2017\/01\/Dr.-med.-Hoffmann.jpg?w=1860 1860w\" sizes=\"auto, (max-width: 272px) 100vw, 272px\" \/>Seit 2013<br \/>\nNiedergelassene \u00c4rztin im Landkreis F\u00fcrth<\/p>\n<p>2013<br \/>\nPromotion<\/p>\n<p>2006-2012<br \/>\nFacharztausbildung in der Frauenklinik der Sozialstiftung Bamberg<\/p>\n<p>2006<br \/>\nExamen an der Universit\u00e4t Erlangen-N\u00fcrnberg<\/p>\n<p>Verheiratet, zwei S\u00f6hne.<\/p>\n<p>&nbsp;<\/p>\n","protected":false},"excerpt":{"rendered":"<p>Seit 2013 Niedergelassene \u00c4rztin im Landkreis F\u00fcrth 2013 Promotion 2006-2012 Facharztausbildung in der Frauenklinik der Sozialstiftung Bamberg 2006 Examen an der Universit\u00e4t Erlangen-N\u00fcrnberg Verheiratet, zwei S\u00f6hne. &nbsp;<\/p>\n","protected":false},"author":1,"featured_media":0,"parent":0,"menu_order":0,"comment_status":"closed","ping_status":"closed","template":"page-templates\/full-width-page.php","meta":{"advanced_seo_description":"","jetpack_seo_html_title":"","jetpack_seo_noindex":false,"jetpack_post_was_ever_published":false,"footnotes":""},"class_list":["post-103","page","type-page","status-publish","hentry","without-featured-image"],"jetpack_sharing_enabled":true,"jetpack_shortlink":"https:\/\/wp.me\/P8biwA-1F","jetpack-related-posts":[],"_links":{"self":[{"href":"https:\/\/gyn-veitsbronn.de\/index.php?rest_route=\/wp\/v2\/pages\/103","targetHints":{"allow":["GET"]}}],"collection":[{"href":"https:\/\/gyn-veitsbronn.de\/index.php?rest_route=\/wp\/v2\/pages"}],"about":[{"href":"https:\/\/gyn-veitsbronn.de\/index.php?rest_route=\/wp\/v2\/types\/page"}],"author":[{"embeddable":true,"href":"https:\/\/gyn-veitsbronn.de\/index.php?rest_route=\/wp\/v2\/users\/1"}],"replies":[{"embeddable":true,"href":"https:\/\/gyn-veitsbronn.de\/index.php?rest_route=%2Fwp%2Fv2%2Fcomments&post=103"}],"version-history":[{"count":28,"href":"https:\/\/gyn-veitsbronn.de\/index.php?rest_route=\/wp\/v2\/pages\/103\/revisions"}],"predecessor-version":[{"id":218,"href":"https:\/\/gyn-veitsbronn.de\/index.php?rest_route=\/wp\/v2\/pages\/103\/revisions\/218"}],"wp:attachment":[{"href":"https:\/\/gyn-veitsbronn.de\/index.php?rest_route=%2Fwp%2Fv2%2Fmedia&parent=103"}],"curies":[{"name":"wp","href":"https:\/\/api.w.org\/{rel}","templated":true}]}}